{"id":359,"date":"2024-10-15T13:45:50","date_gmt":"2024-10-15T11:45:50","guid":{"rendered":"http:\/\/le-bas.com\/lcd\/?page_id=359"},"modified":"2025-06-24T10:50:12","modified_gmt":"2025-06-24T08:50:12","slug":"divers","status":"publish","type":"page","link":"http:\/\/le-bas.com\/lcd\/divers\/","title":{"rendered":"Divers"},"content":{"rendered":"\t\t<div data-elementor-type=\"wp-page\" data-elementor-id=\"359\" class=\"elementor elementor-359\">\n\t\t\t\t<div class=\"elementor-element elementor-element-adf197c e-flex e-con-boxed e-con e-parent\" data-id=\"adf197c\" data-element_type=\"container\" data-e-type=\"container\">\n\t\t\t\t\t<div class=\"e-con-inner\">\n\t\t<div class=\"elementor-element elementor-element-19eb0ca e-grid e-con-boxed e-con e-child\" data-id=\"19eb0ca\" data-element_type=\"container\" data-e-type=\"container\">\n\t\t\t\t\t<div class=\"e-con-inner\">\n\t\t\t\t<div class=\"elementor-element elementor-element-e4ff260 elementor-button-info elementor-widget elementor-widget-button\" data-id=\"e4ff260\" data-element_type=\"widget\" data-e-type=\"widget\" data-widget_type=\"button.default\">\n\t\t\t\t<div class=\"elementor-widget-container\">\n\t\t\t\t\t\t\t\t\t<div class=\"elementor-button-wrapper\">\n\t\t\t\t\t<a class=\"elementor-button elementor-button-link elementor-size-sm\" href=\"http:\/\/le-bas.com\/lcd\/disciplines-pratiquees\/\">\n\t\t\t\t\t\t<span class=\"elementor-button-content-wrapper\">\n\t\t\t\t\t\t\t\t\t<span class=\"elementor-button-text\">Disciplines pratiqu\u00e9es<\/span>\n\t\t\t\t\t<\/span>\n\t\t\t\t\t<\/a>\n\t\t\t\t<\/div>\n\t\t\t\t\t\t\t\t<\/div>\n\t\t\t\t<\/div>\n\t\t\t\t<div class=\"elementor-element elementor-element-f6efe0f elementor-button-info elementor-widget elementor-widget-button\" data-id=\"f6efe0f\" data-element_type=\"widget\" data-e-type=\"widget\" data-widget_type=\"button.default\">\n\t\t\t\t<div class=\"elementor-widget-container\">\n\t\t\t\t\t\t\t\t\t<div class=\"elementor-button-wrapper\">\n\t\t\t\t\t<a class=\"elementor-button elementor-button-link elementor-size-sm\" href=\"http:\/\/le-bas.com\/lcd\/comite-dentreprise\/\">\n\t\t\t\t\t\t<span class=\"elementor-button-content-wrapper\">\n\t\t\t\t\t\t\t\t\t<span class=\"elementor-button-text\">comit\u00e9 d'enreprise<\/span>\n\t\t\t\t\t<\/span>\n\t\t\t\t\t<\/a>\n\t\t\t\t<\/div>\n\t\t\t\t\t\t\t\t<\/div>\n\t\t\t\t<\/div>\n\t\t\t\t<div class=\"elementor-element elementor-element-a88e420 elementor-button-info elementor-widget elementor-widget-button\" data-id=\"a88e420\" data-element_type=\"widget\" data-e-type=\"widget\" data-widget_type=\"button.default\">\n\t\t\t\t<div class=\"elementor-widget-container\">\n\t\t\t\t\t\t\t\t\t<div class=\"elementor-button-wrapper\">\n\t\t\t\t\t<a class=\"elementor-button elementor-button-link elementor-size-sm\" href=\"http:\/\/le-bas.com\/lcd\/horaires\/\">\n\t\t\t\t\t\t<span class=\"elementor-button-content-wrapper\">\n\t\t\t\t\t\t\t\t\t<span class=\"elementor-button-text\">horaires<\/span>\n\t\t\t\t\t<\/span>\n\t\t\t\t\t<\/a>\n\t\t\t\t<\/div>\n\t\t\t\t\t\t\t\t<\/div>\n\t\t\t\t<\/div>\n\t\t\t\t<div class=\"elementor-element elementor-element-8046ae9 elementor-button-info elementor-widget elementor-widget-button\" data-id=\"8046ae9\" data-element_type=\"widget\" data-e-type=\"widget\" data-widget_type=\"button.default\">\n\t\t\t\t<div class=\"elementor-widget-container\">\n\t\t\t\t\t\t\t\t\t<div class=\"elementor-button-wrapper\">\n\t\t\t\t\t<a class=\"elementor-button elementor-button-link elementor-size-sm\" href=\"http:\/\/le-bas.com\/lcd\/organigrame\/\">\n\t\t\t\t\t\t<span class=\"elementor-button-content-wrapper\">\n\t\t\t\t\t\t\t\t\t<span class=\"elementor-button-text\">organigramme<\/span>\n\t\t\t\t\t<\/span>\n\t\t\t\t\t<\/a>\n\t\t\t\t<\/div>\n\t\t\t\t\t\t\t\t<\/div>\n\t\t\t\t<\/div>\n\t\t\t\t<div class=\"elementor-element elementor-element-20ff787 elementor-button-info elementor-widget elementor-widget-button\" data-id=\"20ff787\" data-element_type=\"widget\" data-e-type=\"widget\" data-widget_type=\"button.default\">\n\t\t\t\t<div class=\"elementor-widget-container\">\n\t\t\t\t\t\t\t\t\t<div class=\"elementor-button-wrapper\">\n\t\t\t\t\t<a class=\"elementor-button elementor-button-link elementor-size-sm\" href=\"http:\/\/le-bas.com\/lcd\/seances-decouverte\/\">\n\t\t\t\t\t\t<span class=\"elementor-button-content-wrapper\">\n\t\t\t\t\t\t\t\t\t<span class=\"elementor-button-text\">S\u00e9ances d\u00e9couverte<\/span>\n\t\t\t\t\t<\/span>\n\t\t\t\t\t<\/a>\n\t\t\t\t<\/div>\n\t\t\t\t\t\t\t\t<\/div>\n\t\t\t\t<\/div>\n\t\t\t\t\t<\/div>\n\t\t\t\t<\/div>\n\t\t\t\t\t<\/div>\n\t\t\t\t<\/div>\n\t\t<div class=\"elementor-element elementor-element-105b7fa e-flex e-con-boxed e-con e-parent\" data-id=\"105b7fa\" data-element_type=\"container\" data-e-type=\"container\">\n\t\t\t\t\t<div class=\"e-con-inner\">\n\t\t\t\t<div class=\"elementor-element elementor-element-90727c1 elementor-widget__width-inherit elementor-widget elementor-widget-image\" data-id=\"90727c1\" data-element_type=\"widget\" data-e-type=\"widget\" data-widget_type=\"image.default\">\n\t\t\t\t<div class=\"elementor-widget-container\">\n\t\t\t\t\t\t\t\t\t\t\t\t\t\t\t<img fetchpriority=\"high\" decoding=\"async\" width=\"800\" height=\"600\" src=\"http:\/\/le-bas.com\/lcd\/wp-content\/uploads\/2025\/06\/IMG_20241101_144525-1024x768.jpg\" class=\"attachment-large size-large wp-image-1695\" alt=\"\" srcset=\"http:\/\/le-bas.com\/lcd\/wp-content\/uploads\/2025\/06\/IMG_20241101_144525-1024x768.jpg 1024w, http:\/\/le-bas.com\/lcd\/wp-content\/uploads\/2025\/06\/IMG_20241101_144525-300x225.jpg 300w, http:\/\/le-bas.com\/lcd\/wp-content\/uploads\/2025\/06\/IMG_20241101_144525-768x576.jpg 768w, http:\/\/le-bas.com\/lcd\/wp-content\/uploads\/2025\/06\/IMG_20241101_144525-1536x1152.jpg 1536w, http:\/\/le-bas.com\/lcd\/wp-content\/uploads\/2025\/06\/IMG_20241101_144525-2048x1536.jpg 2048w\" sizes=\"(max-width: 800px) 100vw, 800px\" \/>\t\t\t\t\t\t\t\t\t\t\t\t\t\t\t<\/div>\n\t\t\t\t<\/div>\n\t\t\t\t\t<\/div>\n\t\t\t\t<\/div>\n\t\t\t\t<\/div>\n\t\t","protected":false},"excerpt":{"rendered":"<p>Disciplines pratiqu\u00e9es comit\u00e9 d&rsquo;enreprise horaires organigramme S\u00e9ances d\u00e9couverte<\/p>\n","protected":false},"author":2,"featured_media":0,"parent":0,"menu_order":0,"comment_status":"closed","ping_status":"closed","template":"","meta":{"_eb_attr":"","footnotes":""},"class_list":["post-359","page","type-page","status-publish","hentry"],"_links":{"self":[{"href":"http:\/\/le-bas.com\/lcd\/wp-json\/wp\/v2\/pages\/359","targetHints":{"allow":["GET"]}}],"collection":[{"href":"http:\/\/le-bas.com\/lcd\/wp-json\/wp\/v2\/pages"}],"about":[{"href":"http:\/\/le-bas.com\/lcd\/wp-json\/wp\/v2\/types\/page"}],"author":[{"embeddable":true,"href":"http:\/\/le-bas.com\/lcd\/wp-json\/wp\/v2\/users\/2"}],"replies":[{"embeddable":true,"href":"http:\/\/le-bas.com\/lcd\/wp-json\/wp\/v2\/comments?post=359"}],"version-history":[{"count":82,"href":"http:\/\/le-bas.com\/lcd\/wp-json\/wp\/v2\/pages\/359\/revisions"}],"predecessor-version":[{"id":1738,"href":"http:\/\/le-bas.com\/lcd\/wp-json\/wp\/v2\/pages\/359\/revisions\/1738"}],"wp:attachment":[{"href":"http:\/\/le-bas.com\/lcd\/wp-json\/wp\/v2\/media?parent=359"}],"curies":[{"name":"wp","href":"https:\/\/api.w.org\/{rel}","templated":true}]}}