{"id":353,"date":"2024-10-15T13:44:32","date_gmt":"2024-10-15T11:44:32","guid":{"rendered":"http:\/\/le-bas.com\/lcd\/?page_id=353"},"modified":"2025-10-29T11:31:19","modified_gmt":"2025-10-29T10:31:19","slug":"accueil","status":"publish","type":"page","link":"http:\/\/le-bas.com\/lcd\/","title":{"rendered":"Accueil"},"content":{"rendered":"\t\t<div data-elementor-type=\"wp-page\" data-elementor-id=\"353\" class=\"elementor elementor-353\">\n\t\t\t\t<div class=\"elementor-element elementor-element-44cdcff e-flex e-con-boxed e-con e-parent\" data-id=\"44cdcff\" data-element_type=\"container\" data-e-type=\"container\" data-settings=\"{&quot;background_background&quot;:&quot;classic&quot;}\">\n\t\t\t\t\t<div class=\"e-con-inner\">\n\t\t\t\t<div class=\"elementor-element elementor-element-1f2187a elementor-widget__width-initial elementor-widget-tablet__width-initial elementor-widget elementor-widget-heading\" data-id=\"1f2187a\" data-element_type=\"widget\" data-e-type=\"widget\" data-widget_type=\"heading.default\">\n\t\t\t\t<div class=\"elementor-widget-container\">\n\t\t\t\t\t<h2 class=\"elementor-heading-title elementor-size-default\">Les Chevaliers Dijonnais<\/h2>\t\t\t\t<\/div>\n\t\t\t\t<\/div>\n\t\t\t\t<div class=\"elementor-element elementor-element-ab25e39 elementor-widget elementor-widget-heading\" data-id=\"ab25e39\" data-element_type=\"widget\" data-e-type=\"widget\" data-widget_type=\"heading.default\">\n\t\t\t\t<div class=\"elementor-widget-container\">\n\t\t\t\t\t<h5 class=\"elementor-heading-title elementor-size-default\">Club de tir sportif et de loisirs\n<br><\/h5>\t\t\t\t<\/div>\n\t\t\t\t<\/div>\n\t\t\t\t\t<\/div>\n\t\t\t\t<\/div>\n\t\t<div class=\"elementor-element elementor-element-d3a0fb9 e-flex e-con-boxed e-con e-parent\" data-id=\"d3a0fb9\" data-element_type=\"container\" data-e-type=\"container\">\n\t\t\t\t\t<div class=\"e-con-inner\">\n\t\t\t\t<div class=\"elementor-element elementor-element-43edc96 elementor-widget-divider--view-line elementor-widget elementor-widget-divider\" data-id=\"43edc96\" data-element_type=\"widget\" data-e-type=\"widget\" data-widget_type=\"divider.default\">\n\t\t\t\t<div class=\"elementor-widget-container\">\n\t\t\t\t\t\t\t<div class=\"elementor-divider\">\n\t\t\t<span class=\"elementor-divider-separator\">\n\t\t\t\t\t\t<\/span>\n\t\t<\/div>\n\t\t\t\t\t\t<\/div>\n\t\t\t\t<\/div>\n\t\t\t\t\t<\/div>\n\t\t\t\t<\/div>\n\t\t<div class=\"elementor-element elementor-element-076f085 e-flex e-con-boxed e-con e-parent\" data-id=\"076f085\" data-element_type=\"container\" data-e-type=\"container\">\n\t\t\t\t\t<div class=\"e-con-inner\">\n\t\t<div class=\"elementor-element elementor-element-bc7e8fb e-con-full e-flex e-con e-child\" data-id=\"bc7e8fb\" data-element_type=\"container\" data-e-type=\"container\">\n\t\t\t\t<div class=\"elementor-element elementor-element-9c85f24 elementor-widget__width-initial elementor-widget elementor-widget-image\" data-id=\"9c85f24\" data-element_type=\"widget\" data-e-type=\"widget\" data-widget_type=\"image.default\">\n\t\t\t\t<div class=\"elementor-widget-container\">\n\t\t\t\t\t\t\t\t\t\t\t\t\t\t\t<img fetchpriority=\"high\" decoding=\"async\" width=\"740\" height=\"512\" src=\"http:\/\/le-bas.com\/lcd\/wp-content\/uploads\/2025\/06\/stand-en-automne-1.png\" class=\"elementor-animation-grow attachment-large size-large wp-image-1498\" alt=\"\" srcset=\"http:\/\/le-bas.com\/lcd\/wp-content\/uploads\/2025\/06\/stand-en-automne-1.png 740w, http:\/\/le-bas.com\/lcd\/wp-content\/uploads\/2025\/06\/stand-en-automne-1-300x208.png 300w\" sizes=\"(max-width: 740px) 100vw, 740px\" \/>\t\t\t\t\t\t\t\t\t\t\t\t\t\t\t<\/div>\n\t\t\t\t<\/div>\n\t\t\t\t<\/div>\n\t\t<div class=\"elementor-element elementor-element-85f2edb e-con-full e-flex e-con e-child\" data-id=\"85f2edb\" data-element_type=\"container\" data-e-type=\"container\">\n\t\t<div class=\"elementor-element elementor-element-a8d32de e-con-full e-flex e-con e-child\" data-id=\"a8d32de\" data-element_type=\"container\" data-e-type=\"container\">\n\t\t\t\t<div class=\"elementor-element elementor-element-d263c05 elementor-widget__width-initial elementor-widget elementor-widget-image\" data-id=\"d263c05\" data-element_type=\"widget\" data-e-type=\"widget\" data-widget_type=\"image.default\">\n\t\t\t\t<div class=\"elementor-widget-container\">\n\t\t\t\t\t\t\t\t\t\t\t\t\t\t\t<img decoding=\"async\" width=\"800\" height=\"509\" src=\"http:\/\/le-bas.com\/lcd\/wp-content\/uploads\/2025\/06\/Logo-FFTIR-1-2-1024x651.png\" class=\"attachment-large size-large wp-image-1499\" alt=\"\" srcset=\"http:\/\/le-bas.com\/lcd\/wp-content\/uploads\/2025\/06\/Logo-FFTIR-1-2-1024x651.png 1024w, http:\/\/le-bas.com\/lcd\/wp-content\/uploads\/2025\/06\/Logo-FFTIR-1-2-300x191.png 300w, http:\/\/le-bas.com\/lcd\/wp-content\/uploads\/2025\/06\/Logo-FFTIR-1-2-768x488.png 768w, http:\/\/le-bas.com\/lcd\/wp-content\/uploads\/2025\/06\/Logo-FFTIR-1-2.png 1098w\" sizes=\"(max-width: 800px) 100vw, 800px\" \/>\t\t\t\t\t\t\t\t\t\t\t\t\t\t\t<\/div>\n\t\t\t\t<\/div>\n\t\t\t\t<div class=\"elementor-element elementor-element-608e03d elementor-widget__width-initial elementor-widget elementor-widget-image\" data-id=\"608e03d\" data-element_type=\"widget\" data-e-type=\"widget\" data-widget_type=\"image.default\">\n\t\t\t\t<div class=\"elementor-widget-container\">\n\t\t\t\t\t\t\t\t\t\t\t\t\t\t\t<img decoding=\"async\" width=\"641\" height=\"641\" src=\"http:\/\/le-bas.com\/lcd\/wp-content\/uploads\/2025\/06\/blasonpenche-2.png\" class=\"attachment-large size-large wp-image-1500\" alt=\"\" srcset=\"http:\/\/le-bas.com\/lcd\/wp-content\/uploads\/2025\/06\/blasonpenche-2.png 641w, http:\/\/le-bas.com\/lcd\/wp-content\/uploads\/2025\/06\/blasonpenche-2-300x300.png 300w, http:\/\/le-bas.com\/lcd\/wp-content\/uploads\/2025\/06\/blasonpenche-2-150x150.png 150w\" sizes=\"(max-width: 641px) 100vw, 641px\" \/>\t\t\t\t\t\t\t\t\t\t\t\t\t\t\t<\/div>\n\t\t\t\t<\/div>\n\t\t\t\t<\/div>\n\t\t\t\t<\/div>\n\t\t\t\t\t<\/div>\n\t\t\t\t<\/div>\n\t\t<div class=\"elementor-element elementor-element-6d745c7 e-flex e-con-boxed e-con e-parent\" data-id=\"6d745c7\" data-element_type=\"container\" data-e-type=\"container\">\n\t\t\t\t\t<div class=\"e-con-inner\">\n\t\t\t\t<div class=\"elementor-element elementor-element-48acdb5 elementor-widget__width-initial elementor-widget elementor-widget-video\" data-id=\"48acdb5\" data-element_type=\"widget\" data-e-type=\"widget\" data-settings=\"{&quot;video_type&quot;:&quot;hosted&quot;,&quot;autoplay&quot;:&quot;yes&quot;,&quot;loop&quot;:&quot;yes&quot;,&quot;controls&quot;:&quot;yes&quot;}\" data-widget_type=\"video.default\">\n\t\t\t\t<div class=\"elementor-widget-container\">\n\t\t\t\t\t\t\t<div class=\"e-hosted-video elementor-wrapper elementor-open-inline\">\n\t\t\t\t\t<video class=\"elementor-video\" src=\"http:\/\/le-bas.com\/lcd\/wp-content\/uploads\/2025\/10\/Adobe-Express-SL_MO_VID_20251025_1643171.mp4\" autoplay=\"\" loop=\"\" controls=\"\" controlsList=\"nodownload\"><\/video>\n\t\t\t\t<\/div>\n\t\t\t\t\t\t<\/div>\n\t\t\t\t<\/div>\n\t\t\t\t\t<\/div>\n\t\t\t\t<\/div>\n\t\t<div class=\"elementor-element elementor-element-ddea47a e-grid e-con-boxed e-con e-parent\" data-id=\"ddea47a\" data-element_type=\"container\" data-e-type=\"container\">\n\t\t\t\t\t<div class=\"e-con-inner\">\n\t\t\t\t<div class=\"elementor-element elementor-element-1f45e36 elementor-button-info elementor-widget elementor-widget-button\" data-id=\"1f45e36\" data-element_type=\"widget\" data-e-type=\"widget\" data-widget_type=\"button.default\">\n\t\t\t\t<div class=\"elementor-widget-container\">\n\t\t\t\t\t\t\t\t\t<div class=\"elementor-button-wrapper\">\n\t\t\t\t\t<a class=\"elementor-button elementor-button-link elementor-size-sm elementor-animation-pulse-grow\" href=\"http:\/\/le-bas.com\/lcd\/un-peu-dhistoire\/\">\n\t\t\t\t\t\t<span class=\"elementor-button-content-wrapper\">\n\t\t\t\t\t\t\t\t\t<span class=\"elementor-button-text\">Un peu d'histoire<\/span>\n\t\t\t\t\t<\/span>\n\t\t\t\t\t<\/a>\n\t\t\t\t<\/div>\n\t\t\t\t\t\t\t\t<\/div>\n\t\t\t\t<\/div>\n\t\t\t\t<div class=\"elementor-element elementor-element-6dc3b7e elementor-button-info elementor-widget elementor-widget-button\" data-id=\"6dc3b7e\" data-element_type=\"widget\" data-e-type=\"widget\" data-widget_type=\"button.default\">\n\t\t\t\t<div class=\"elementor-widget-container\">\n\t\t\t\t\t\t\t\t\t<div class=\"elementor-button-wrapper\">\n\t\t\t\t\t<a class=\"elementor-button elementor-button-link elementor-size-sm elementor-animation-pulse-grow\" href=\"http:\/\/le-bas.com\/lcd\/apercu-du-club\/\">\n\t\t\t\t\t\t<span class=\"elementor-button-content-wrapper\">\n\t\t\t\t\t\t\t\t\t<span class=\"elementor-button-text\">aper\u00e7u du club<\/span>\n\t\t\t\t\t<\/span>\n\t\t\t\t\t<\/a>\n\t\t\t\t<\/div>\n\t\t\t\t\t\t\t\t<\/div>\n\t\t\t\t<\/div>\n\t\t\t\t<div class=\"elementor-element elementor-element-5a120d5 elementor-button-warning elementor-widget elementor-widget-button\" data-id=\"5a120d5\" data-element_type=\"widget\" data-e-type=\"widget\" data-widget_type=\"button.default\">\n\t\t\t\t<div class=\"elementor-widget-container\">\n\t\t\t\t\t\t\t\t\t<div class=\"elementor-button-wrapper\">\n\t\t\t\t\t<a class=\"elementor-button elementor-button-link elementor-size-sm elementor-animation-push\" href=\"http:\/\/le-bas.com\/lcd\/securite\/\">\n\t\t\t\t\t\t<span class=\"elementor-button-content-wrapper\">\n\t\t\t\t\t\t\t\t\t<span class=\"elementor-button-text\">s\u00e9curit\u00e9<\/span>\n\t\t\t\t\t<\/span>\n\t\t\t\t\t<\/a>\n\t\t\t\t<\/div>\n\t\t\t\t\t\t\t\t<\/div>\n\t\t\t\t<\/div>\n\t\t\t\t<div class=\"elementor-element elementor-element-a2383cc elementor-widget elementor-widget-image\" data-id=\"a2383cc\" data-element_type=\"widget\" data-e-type=\"widget\" data-widget_type=\"image.default\">\n\t\t\t\t<div class=\"elementor-widget-container\">\n\t\t\t\t\t\t\t\t\t\t\t\t\t\t\t<img loading=\"lazy\" decoding=\"async\" width=\"689\" height=\"1000\" src=\"http:\/\/le-bas.com\/lcd\/wp-content\/uploads\/2025\/10\/papy-guy-m.jpg\" class=\"attachment-large size-large wp-image-1963\" alt=\"\" srcset=\"http:\/\/le-bas.com\/lcd\/wp-content\/uploads\/2025\/10\/papy-guy-m.jpg 689w, http:\/\/le-bas.com\/lcd\/wp-content\/uploads\/2025\/10\/papy-guy-m-207x300.jpg 207w\" sizes=\"(max-width: 689px) 100vw, 689px\" \/>\t\t\t\t\t\t\t\t\t\t\t\t\t\t\t<\/div>\n\t\t\t\t<\/div>\n\t\t\t\t<div class=\"elementor-element elementor-element-ff93168 elementor-widget elementor-widget-image\" data-id=\"ff93168\" data-element_type=\"widget\" data-e-type=\"widget\" data-widget_type=\"image.default\">\n\t\t\t\t<div class=\"elementor-widget-container\">\n\t\t\t\t\t\t\t\t\t\t\t\t\t\t\t<img loading=\"lazy\" decoding=\"async\" width=\"800\" height=\"475\" src=\"http:\/\/le-bas.com\/lcd\/wp-content\/uploads\/2025\/06\/essai-en-tetecompress-1024x608.jpg\" class=\"attachment-large size-large wp-image-1392\" alt=\"\" srcset=\"http:\/\/le-bas.com\/lcd\/wp-content\/uploads\/2025\/06\/essai-en-tetecompress-1024x608.jpg 1024w, http:\/\/le-bas.com\/lcd\/wp-content\/uploads\/2025\/06\/essai-en-tetecompress-300x178.jpg 300w, http:\/\/le-bas.com\/lcd\/wp-content\/uploads\/2025\/06\/essai-en-tetecompress-768x456.jpg 768w, http:\/\/le-bas.com\/lcd\/wp-content\/uploads\/2025\/06\/essai-en-tetecompress.jpg 1500w\" sizes=\"(max-width: 800px) 100vw, 800px\" \/>\t\t\t\t\t\t\t\t\t\t\t\t\t\t\t<\/div>\n\t\t\t\t<\/div>\n\t\t\t\t<div class=\"elementor-element elementor-element-ff26152 elementor-widget elementor-widget-image\" data-id=\"ff26152\" data-element_type=\"widget\" data-e-type=\"widget\" data-widget_type=\"image.default\">\n\t\t\t\t<div class=\"elementor-widget-container\">\n\t\t\t\t\t\t\t\t\t\t\t\t\t\t\t<img loading=\"lazy\" decoding=\"async\" width=\"800\" height=\"600\" src=\"http:\/\/le-bas.com\/lcd\/wp-content\/uploads\/2025\/06\/securite-CZ.jpg\" class=\"attachment-large size-large wp-image-1749\" alt=\"\" srcset=\"http:\/\/le-bas.com\/lcd\/wp-content\/uploads\/2025\/06\/securite-CZ.jpg 912w, http:\/\/le-bas.com\/lcd\/wp-content\/uploads\/2025\/06\/securite-CZ-300x225.jpg 300w, http:\/\/le-bas.com\/lcd\/wp-content\/uploads\/2025\/06\/securite-CZ-768x576.jpg 768w\" sizes=\"(max-width: 800px) 100vw, 800px\" \/>\t\t\t\t\t\t\t\t\t\t\t\t\t\t\t<\/div>\n\t\t\t\t<\/div>\n\t\t\t\t\t<\/div>\n\t\t\t\t<\/div>\n\t\t\t\t<\/div>\n\t\t","protected":false},"excerpt":{"rendered":"<p>Les Chevaliers Dijonnais Club de tir sportif et de loisirs http:\/\/le-bas.com\/lcd\/wp-content\/uploads\/2025\/10\/Adobe-Express-SL_MO_VID_20251025_1643171.mp4 Un peu d&rsquo;histoire aper\u00e7u du club s\u00e9curit\u00e9<\/p>\n","protected":false},"author":2,"featured_media":0,"parent":0,"menu_order":0,"comment_status":"closed","ping_status":"closed","template":"","meta":{"_eb_attr":"","footnotes":""},"class_list":["post-353","page","type-page","status-publish","hentry"],"_links":{"self":[{"href":"http:\/\/le-bas.com\/lcd\/wp-json\/wp\/v2\/pages\/353","targetHints":{"allow":["GET"]}}],"collection":[{"href":"http:\/\/le-bas.com\/lcd\/wp-json\/wp\/v2\/pages"}],"about":[{"href":"http:\/\/le-bas.com\/lcd\/wp-json\/wp\/v2\/types\/page"}],"author":[{"embeddable":true,"href":"http:\/\/le-bas.com\/lcd\/wp-json\/wp\/v2\/users\/2"}],"replies":[{"embeddable":true,"href":"http:\/\/le-bas.com\/lcd\/wp-json\/wp\/v2\/comments?post=353"}],"version-history":[{"count":410,"href":"http:\/\/le-bas.com\/lcd\/wp-json\/wp\/v2\/pages\/353\/revisions"}],"predecessor-version":[{"id":1972,"href":"http:\/\/le-bas.com\/lcd\/wp-json\/wp\/v2\/pages\/353\/revisions\/1972"}],"wp:attachment":[{"href":"http:\/\/le-bas.com\/lcd\/wp-json\/wp\/v2\/media?parent=353"}],"curies":[{"name":"wp","href":"https:\/\/api.w.org\/{rel}","templated":true}]}}