{"id":1630,"date":"2025-06-13T20:53:34","date_gmt":"2025-06-13T18:53:34","guid":{"rendered":"http:\/\/le-bas.com\/lcd\/?page_id=1630"},"modified":"2025-06-24T13:35:33","modified_gmt":"2025-06-24T11:35:33","slug":"securite","status":"publish","type":"page","link":"http:\/\/le-bas.com\/lcd\/securite\/","title":{"rendered":"s\u00e9curit\u00e9"},"content":{"rendered":"\t\t<div data-elementor-type=\"wp-page\" data-elementor-id=\"1630\" class=\"elementor elementor-1630\">\n\t\t\t\t<div class=\"elementor-element elementor-element-4f9aa9e e-flex e-con-boxed e-con e-parent\" data-id=\"4f9aa9e\" data-element_type=\"container\" data-e-type=\"container\">\n\t\t\t\t\t<div class=\"e-con-inner\">\n\t\t\t\t<div class=\"elementor-element elementor-element-617191a elementor-widget elementor-widget-text-editor\" data-id=\"617191a\" data-element_type=\"widget\" data-e-type=\"widget\" data-widget_type=\"text-editor.default\">\n\t\t\t\t<div class=\"elementor-widget-container\">\n\t\t\t\t\t\t\t\t\t<p>La S\u00e9curit\u00e9<\/p><p>La S\u00e9curit\u00e9 est primordiale ! Toutes les armes sont dangereuses m\u00eame les armes \u00e0 air comprim\u00e9. Il y a quelques r\u00e8gles de base \u00e0 suivre obligatoirement.<\/p><ul><li>Une arme est toujours consid\u00e9r\u00e9e comme charg\u00e9e, aucune exception.<\/li><li>De ce fait on ne pointe jamais une arme en direction des personnes, les canons sont toujours orient\u00e9s en direction des cibles. Si l\u2019on doit se d\u00e9placer le canon doit \u00eatre orient\u00e9 vers le haut.\u00a0<\/li><li>Lorsque le tireur se d\u00e9place vers les cibles son arme doit \u00eatre mise en s\u00e9curit\u00e9. pour un pistolet la culasse est ouverte le chargeur est retir\u00e9 et une drapeau de s\u00e9curit\u00e9 est engag\u00e9 dans le canon, pour un revolver le barillet est bascul\u00e9 et un drapeau est ins\u00e9r\u00e9 dans le canon.<\/li><li>Il est strictement interdit de toucher les armes lorsque des tireurs sont sortis des postes pour aller v\u00e9rifier les r\u00e9sultats.<\/li><\/ul>\t\t\t\t\t\t\t\t<\/div>\n\t\t\t\t<\/div>\n\t\t\t\t\t<\/div>\n\t\t\t\t<\/div>\n\t\t<div class=\"elementor-element elementor-element-d22ec2d e-flex e-con-boxed e-con e-parent\" data-id=\"d22ec2d\" data-element_type=\"container\" data-e-type=\"container\">\n\t\t\t\t\t<div class=\"e-con-inner\">\n\t\t\t\t<div class=\"elementor-element elementor-element-66ccb62 elementor-widget elementor-widget-image\" data-id=\"66ccb62\" data-element_type=\"widget\" data-e-type=\"widget\" data-widget_type=\"image.default\">\n\t\t\t\t<div class=\"elementor-widget-container\">\n\t\t\t\t\t\t\t\t\t\t\t\t<figure class=\"wp-caption\">\n\t\t\t\t\t\t\t\t\t\t<img fetchpriority=\"high\" decoding=\"async\" width=\"800\" height=\"600\" src=\"http:\/\/le-bas.com\/lcd\/wp-content\/uploads\/2025\/06\/securite-CZ.jpg\" class=\"attachment-large size-large wp-image-1749\" alt=\"\" srcset=\"http:\/\/le-bas.com\/lcd\/wp-content\/uploads\/2025\/06\/securite-CZ.jpg 912w, http:\/\/le-bas.com\/lcd\/wp-content\/uploads\/2025\/06\/securite-CZ-300x225.jpg 300w, http:\/\/le-bas.com\/lcd\/wp-content\/uploads\/2025\/06\/securite-CZ-768x576.jpg 768w\" sizes=\"(max-width: 800px) 100vw, 800px\" \/>\t\t\t\t\t\t\t\t\t\t\t<figcaption class=\"widget-image-caption wp-caption-text\">avant d'aller au pas de tir la culasse est ouverte, un drapeau de s\u00e9curit\u00e9 est inserr\u00e9 et le chargeur n'est pas engag\u00e9.<\/figcaption>\n\t\t\t\t\t\t\t\t\t\t<\/figure>\n\t\t\t\t\t\t\t\t\t<\/div>\n\t\t\t\t<\/div>\n\t\t\t\t<div class=\"elementor-element elementor-element-e0a105a elementor-align-center elementor-widget elementor-widget-button\" data-id=\"e0a105a\" data-element_type=\"widget\" data-e-type=\"widget\" data-widget_type=\"button.default\">\n\t\t\t\t<div class=\"elementor-widget-container\">\n\t\t\t\t\t\t\t\t\t<div class=\"elementor-button-wrapper\">\n\t\t\t\t\t<a class=\"elementor-button elementor-button-link elementor-size-sm\" href=\"http:\/\/le-bas.com\/lcd\/\">\n\t\t\t\t\t\t<span class=\"elementor-button-content-wrapper\">\n\t\t\t\t\t\t\t\t\t<span class=\"elementor-button-text\">retour<\/span>\n\t\t\t\t\t<\/span>\n\t\t\t\t\t<\/a>\n\t\t\t\t<\/div>\n\t\t\t\t\t\t\t\t<\/div>\n\t\t\t\t<\/div>\n\t\t\t\t\t<\/div>\n\t\t\t\t<\/div>\n\t\t\t\t<\/div>\n\t\t","protected":false},"excerpt":{"rendered":"<p>La S\u00e9curit\u00e9 La S\u00e9curit\u00e9 est primordiale ! Toutes les armes sont dangereuses m\u00eame les armes \u00e0 air comprim\u00e9. Il y a quelques r\u00e8gles de base \u00e0 suivre obligatoirement. Une arme est toujours consid\u00e9r\u00e9e comme charg\u00e9e, aucune exception. De ce fait on ne pointe jamais une arme en direction des personnes, les canons sont toujours orient\u00e9s [&hellip;]<\/p>\n","protected":false},"author":2,"featured_media":0,"parent":0,"menu_order":0,"comment_status":"closed","ping_status":"closed","template":"","meta":{"_eb_attr":"","footnotes":""},"class_list":["post-1630","page","type-page","status-publish","hentry"],"_links":{"self":[{"href":"http:\/\/le-bas.com\/lcd\/wp-json\/wp\/v2\/pages\/1630","targetHints":{"allow":["GET"]}}],"collection":[{"href":"http:\/\/le-bas.com\/lcd\/wp-json\/wp\/v2\/pages"}],"about":[{"href":"http:\/\/le-bas.com\/lcd\/wp-json\/wp\/v2\/types\/page"}],"author":[{"embeddable":true,"href":"http:\/\/le-bas.com\/lcd\/wp-json\/wp\/v2\/users\/2"}],"replies":[{"embeddable":true,"href":"http:\/\/le-bas.com\/lcd\/wp-json\/wp\/v2\/comments?post=1630"}],"version-history":[{"count":28,"href":"http:\/\/le-bas.com\/lcd\/wp-json\/wp\/v2\/pages\/1630\/revisions"}],"predecessor-version":[{"id":1773,"href":"http:\/\/le-bas.com\/lcd\/wp-json\/wp\/v2\/pages\/1630\/revisions\/1773"}],"wp:attachment":[{"href":"http:\/\/le-bas.com\/lcd\/wp-json\/wp\/v2\/media?parent=1630"}],"curies":[{"name":"wp","href":"https:\/\/api.w.org\/{rel}","templated":true}]}}