{"id":1225,"date":"2024-11-28T13:42:17","date_gmt":"2024-11-28T12:42:17","guid":{"rendered":"http:\/\/le-bas.com\/lcd\/?page_id=1225"},"modified":"2025-06-24T18:52:44","modified_gmt":"2025-06-24T16:52:44","slug":"seances-decouverte","status":"publish","type":"page","link":"http:\/\/le-bas.com\/lcd\/seances-decouverte\/","title":{"rendered":"S\u00e9ances d\u00e9couverte"},"content":{"rendered":"\t\t<div data-elementor-type=\"wp-page\" data-elementor-id=\"1225\" class=\"elementor elementor-1225\">\n\t\t\t\t<div class=\"elementor-element elementor-element-c7fdf96 e-flex e-con-boxed e-con e-parent\" data-id=\"c7fdf96\" data-element_type=\"container\" data-e-type=\"container\">\n\t\t\t\t\t<div class=\"e-con-inner\">\n\t\t\t\t<div class=\"elementor-element elementor-element-3388450 elementor-widget elementor-widget-heading\" data-id=\"3388450\" data-element_type=\"widget\" data-e-type=\"widget\" data-widget_type=\"heading.default\">\n\t\t\t\t<div class=\"elementor-widget-container\">\n\t\t\t\t\t<h2 class=\"elementor-heading-title elementor-size-default\">S\u00e9ances d\u00e9couverte<\/h2>\t\t\t\t<\/div>\n\t\t\t\t<\/div>\n\t\t\t\t\t<\/div>\n\t\t\t\t<\/div>\n\t\t<div class=\"elementor-element elementor-element-7be9f5e e-flex e-con-boxed e-con e-parent\" data-id=\"7be9f5e\" data-element_type=\"container\" data-e-type=\"container\">\n\t\t\t\t\t<div class=\"e-con-inner\">\n\t\t\t\t<div class=\"elementor-element elementor-element-f2f7f5a elementor-widget elementor-widget-text-editor\" data-id=\"f2f7f5a\" data-element_type=\"widget\" data-e-type=\"widget\" data-widget_type=\"text-editor.default\">\n\t\t\t\t<div class=\"elementor-widget-container\">\n\t\t\t\t\t\t\t\t\t<p><span class=\"wixui-rich-text__text\">Pour permettre la d\u00e9couverte du tir sportif et de loisir, LES CHEVALIERS DIJONNAIS proposent des s\u00e9ances de d\u00e9couverte encadr\u00e9es par des formateurs f\u00e9d\u00e9raux et\/ou des tireurs confirm\u00e9s.<br class=\"wixui-rich-text__text\" \/>Ces s\u00e9ances peuvent \u00eatres collectives ou individuelles.<\/span><\/p>\t\t\t\t\t\t\t\t<\/div>\n\t\t\t\t<\/div>\n\t\t\t\t\t<\/div>\n\t\t\t\t<\/div>\n\t\t<div class=\"elementor-element elementor-element-a5b150c e-flex e-con-boxed e-con e-parent\" data-id=\"a5b150c\" data-element_type=\"container\" data-e-type=\"container\">\n\t\t\t\t\t<div class=\"e-con-inner\">\n\t\t\t\t<div class=\"elementor-element elementor-element-5ee397a elementor-widget elementor-widget-text-editor\" data-id=\"5ee397a\" data-element_type=\"widget\" data-e-type=\"widget\" data-widget_type=\"text-editor.default\">\n\t\t\t\t<div class=\"elementor-widget-container\">\n\t\t\t\t\t\t\t\t\t<p><span class=\"wixui-rich-text__text\">Les s\u00e9ances collectives s\u2019adressent \u00e0 des groupes dans le cadre d\u2019activit\u00e9s propos\u00e9es par les Comit\u00e9s d\u2019Entreprises ou \u00e0 des particuliers \u00e0 l\u2019occasion d\u2019\u00e9v\u00e8nements festifs.<br class=\"wixui-rich-text__text\" \/>Voir modalit\u00e9s en annexe.\u00a0<a class=\"wixui-rich-text__text\" href=\"https:\/\/348fc354-10a5-4545-9636-e81574ea0f55.filesusr.com\/ugd\/195be6_57257fbf660a489c9cd00ade92121140.pdf\" target=\"_blank\" rel=\"noopener\">Cliquez ici pour t\u00e9l\u00e9charger la plaquette<\/a>\u00a0(format pdf).<\/span><\/p><p><span class=\"wixui-rich-text__text\"><br class=\"wixui-rich-text__text\" \/>(pdf a modifier redondant avec comit\u00e9 entreprise)<\/span><\/p><p><span class=\"wixui-rich-text__text\"><br class=\"wixui-rich-text__text\" \/>Pour les personnes d\u00e9sireuses de nous rejoindre, nous les invitons au stand pour la pr\u00e9sentation des installations et une s\u00e9ance gracieuse de quelques dizaines de minutes afin de les guider et les conseiller dans leur choix.<br class=\"wixui-rich-text__text\" \/><br class=\"wixui-rich-text__text\" \/>Nous proposons \u00e9galement un accompagnement personnalis\u00e9 au titre d\u2019un cadeau original pour un anniversaire, un d\u00e9part \u00e0 la retraite, une r\u00e9ussite \u00e0 un examen, etc.<br class=\"wixui-rich-text__text\" \/>Accompagnement personnalis\u00e9 par un formateur f\u00e9d\u00e9ral.<br class=\"wixui-rich-text__text\" \/>R\u00e8gles de s\u00e9curit\u00e9, apprentissage des gestes techniques de base \u00e0 la carabine et au pistolet \u00e0 air comprim\u00e9 en salle \u00e0 10 m.<br class=\"wixui-rich-text__text\" \/>Tir \u00e0 la carabine 22 LR \u00e0 50 m.<br class=\"wixui-rich-text__text\" \/>Tir au pistolet 22 LR \u00e0 25 m.<br class=\"wixui-rich-text__text\" \/>Fourniture des armes, cibles et munitions compris dans le forfait, le nombre de coups tir\u00e9s n&rsquo;est pas limit\u00e9.<br class=\"wixui-rich-text__text\" \/>Les s\u00e9ances se d\u00e9roulent soit le samedi de 14 h \u00e0 18 h ou le dimanche de 09 h \u00e0 midi.<br class=\"wixui-rich-text__text\" \/>Tarif forfaitaire : 90 \u20ac par personne.<br class=\"wixui-rich-text__text\" \/>Nous attirons votre attention sur le fait que les pas de tir 50 et 25 m, bien qu&rsquo;\u00e9tant \u00e0 l&rsquo;abri des intemp\u00e9ries, sont \u00e0 la temp\u00e9rature ext\u00e9rieure.<br class=\"wixui-rich-text__text\" \/>Il est n\u00e9cessaire de prendre rdv.<\/span><\/p>\t\t\t\t\t\t\t\t<\/div>\n\t\t\t\t<\/div>\n\t\t\t\t\t<\/div>\n\t\t\t\t<\/div>\n\t\t<div class=\"elementor-element elementor-element-ab7e4bb e-flex e-con-boxed e-con e-parent\" data-id=\"ab7e4bb\" data-element_type=\"container\" data-e-type=\"container\">\n\t\t\t\t\t<div class=\"e-con-inner\">\n\t\t\t\t<div class=\"elementor-element elementor-element-6a94127 elementor-button-info elementor-align-center elementor-widget elementor-widget-button\" data-id=\"6a94127\" data-element_type=\"widget\" data-e-type=\"widget\" data-widget_type=\"button.default\">\n\t\t\t\t<div class=\"elementor-widget-container\">\n\t\t\t\t\t\t\t\t\t<div class=\"elementor-button-wrapper\">\n\t\t\t\t\t<a class=\"elementor-button elementor-button-link elementor-size-sm\" href=\"http:\/\/le-bas.com\/lcd\/divers\/\">\n\t\t\t\t\t\t<span class=\"elementor-button-content-wrapper\">\n\t\t\t\t\t\t\t\t\t<span class=\"elementor-button-text\">retour<\/span>\n\t\t\t\t\t<\/span>\n\t\t\t\t\t<\/a>\n\t\t\t\t<\/div>\n\t\t\t\t\t\t\t\t<\/div>\n\t\t\t\t<\/div>\n\t\t\t\t\t<\/div>\n\t\t\t\t<\/div>\n\t\t\t\t<\/div>\n\t\t","protected":false},"excerpt":{"rendered":"<p>S\u00e9ances d\u00e9couverte Pour permettre la d\u00e9couverte du tir sportif et de loisir, LES CHEVALIERS DIJONNAIS proposent des s\u00e9ances de d\u00e9couverte encadr\u00e9es par des formateurs f\u00e9d\u00e9raux et\/ou des tireurs confirm\u00e9s.Ces s\u00e9ances peuvent \u00eatres collectives ou individuelles. Les s\u00e9ances collectives s\u2019adressent \u00e0 des groupes dans le cadre d\u2019activit\u00e9s propos\u00e9es par les Comit\u00e9s d\u2019Entreprises ou \u00e0 des particuliers [&hellip;]<\/p>\n","protected":false},"author":2,"featured_media":0,"parent":0,"menu_order":0,"comment_status":"closed","ping_status":"closed","template":"","meta":{"_eb_attr":"","footnotes":""},"class_list":["post-1225","page","type-page","status-publish","hentry"],"_links":{"self":[{"href":"http:\/\/le-bas.com\/lcd\/wp-json\/wp\/v2\/pages\/1225","targetHints":{"allow":["GET"]}}],"collection":[{"href":"http:\/\/le-bas.com\/lcd\/wp-json\/wp\/v2\/pages"}],"about":[{"href":"http:\/\/le-bas.com\/lcd\/wp-json\/wp\/v2\/types\/page"}],"author":[{"embeddable":true,"href":"http:\/\/le-bas.com\/lcd\/wp-json\/wp\/v2\/users\/2"}],"replies":[{"embeddable":true,"href":"http:\/\/le-bas.com\/lcd\/wp-json\/wp\/v2\/comments?post=1225"}],"version-history":[{"count":19,"href":"http:\/\/le-bas.com\/lcd\/wp-json\/wp\/v2\/pages\/1225\/revisions"}],"predecessor-version":[{"id":1801,"href":"http:\/\/le-bas.com\/lcd\/wp-json\/wp\/v2\/pages\/1225\/revisions\/1801"}],"wp:attachment":[{"href":"http:\/\/le-bas.com\/lcd\/wp-json\/wp\/v2\/media?parent=1225"}],"curies":[{"name":"wp","href":"https:\/\/api.w.org\/{rel}","templated":true}]}}