{"id":1106,"date":"2024-11-27T11:47:44","date_gmt":"2024-11-27T10:47:44","guid":{"rendered":"http:\/\/le-bas.com\/lcd\/?page_id=1106"},"modified":"2025-06-24T18:45:38","modified_gmt":"2025-06-24T16:45:38","slug":"organigrame","status":"publish","type":"page","link":"http:\/\/le-bas.com\/lcd\/organigrame\/","title":{"rendered":"Organigramme"},"content":{"rendered":"\t\t<div data-elementor-type=\"wp-page\" data-elementor-id=\"1106\" class=\"elementor elementor-1106\">\n\t\t\t\t<div class=\"elementor-element elementor-element-c684b3d e-flex e-con-boxed e-con e-parent\" data-id=\"c684b3d\" data-element_type=\"container\" data-e-type=\"container\">\n\t\t\t\t\t<div class=\"e-con-inner\">\n\t\t\t\t<div class=\"elementor-element elementor-element-8a1e15c elementor-widget elementor-widget-heading\" data-id=\"8a1e15c\" data-element_type=\"widget\" data-e-type=\"widget\" data-widget_type=\"heading.default\">\n\t\t\t\t<div class=\"elementor-widget-container\">\n\t\t\t\t\t<h2 class=\"elementor-heading-title elementor-size-default\">Organigramme<\/h2>\t\t\t\t<\/div>\n\t\t\t\t<\/div>\n\t\t\t\t\t<\/div>\n\t\t\t\t<\/div>\n\t\t<div class=\"elementor-element elementor-element-1a39a46 e-grid e-con-boxed e-con e-parent\" data-id=\"1a39a46\" data-element_type=\"container\" data-e-type=\"container\">\n\t\t\t\t\t<div class=\"e-con-inner\">\n\t\t\t\t<div class=\"elementor-element elementor-element-cf81298 elementor-widget elementor-widget-text-editor\" data-id=\"cf81298\" data-element_type=\"widget\" data-e-type=\"widget\" data-widget_type=\"text-editor.default\">\n\t\t\t\t<div class=\"elementor-widget-container\">\n\t\t\t\t\t\t\t\t\t<div id=\"comp-j73q6z0v\" class=\"HcOXKn c9GqVL QxJLC3 lq2cno YQcXTT comp-j73q6z0v wixui-rich-text\" data-testid=\"richTextElement\"><p class=\"font_8 wixui-rich-text__text\"><span class=\"wixui-rich-text__text\">COMITE DE DIRECTION<\/span><\/p><p class=\"font_8 wixui-rich-text__text\"><span class=\"wixui-rich-text__text\">&#8211; Pr\u00e9sident : Dominique MEREY<br class=\"wixui-rich-text__text\" \/>&#8211; V\/Pr\u00e9sident : Jean-Pierre LEMIERE<br class=\"wixui-rich-text__text\" \/>&#8211; Secr\u00e9taire: Maurice MASTIER<br class=\"wixui-rich-text__text\" \/>&#8211; Secr\u00e9taire adjoint: Gilles PANNETIER<br class=\"wixui-rich-text__text\" \/>&#8211; Tr\u00e9sorier: Xavier MARLY<br class=\"wixui-rich-text__text\" \/>&#8211; Tr\u00e9sorier adjoint: Jean Marc COCUSSE<\/span><\/p><\/div>\t\t\t\t\t\t\t\t<\/div>\n\t\t\t\t<\/div>\n\t\t\t\t<div class=\"elementor-element elementor-element-8a358ea elementor-widget elementor-widget-text-editor\" data-id=\"8a358ea\" data-element_type=\"widget\" data-e-type=\"widget\" data-widget_type=\"text-editor.default\">\n\t\t\t\t<div class=\"elementor-widget-container\">\n\t\t\t\t\t\t\t\t\t<p class=\"font_8 wixui-rich-text__text\"><span class=\"wixui-rich-text__text\">VALIDATION SEANCES DE TIR<\/span><\/p><p class=\"font_8 wixui-rich-text__text\"><span class=\"wixui-rich-text__text\">&#8211; Jean-Marc COCUSSE<br class=\"wixui-rich-text__text\" \/>&#8211; Maurice MASTIER<br class=\"wixui-rich-text__text\" \/>&#8211; Dominique MEREY<\/span><\/p>\t\t\t\t\t\t\t\t<\/div>\n\t\t\t\t<\/div>\n\t\t\t\t<div class=\"elementor-element elementor-element-726f0af elementor-widget elementor-widget-text-editor\" data-id=\"726f0af\" data-element_type=\"widget\" data-e-type=\"widget\" data-widget_type=\"text-editor.default\">\n\t\t\t\t<div class=\"elementor-widget-container\">\n\t\t\t\t\t\t\t\t\t<div id=\"comp-j73qbnn5\" class=\"HcOXKn SxM0TO QxJLC3 lq2cno YQcXTT comp-j73qbnn5 wixui-rich-text\" data-testid=\"richTextElement\"><p class=\"font_8 wixui-rich-text__text\"><span class=\"wixui-rich-text__text\">FORMATEURS<\/span><\/p><p class=\"font_8 wixui-rich-text__text\">&#8211; Jean-Pierre LEMIERE<br class=\"wixui-rich-text__text\" \/>&#8211; Maurice MASTIER<br class=\"wixui-rich-text__text\" \/>&#8211; Dominique MEREY<\/p><\/div>\t\t\t\t\t\t\t\t<\/div>\n\t\t\t\t<\/div>\n\t\t\t\t<div class=\"elementor-element elementor-element-02dec15 elementor-widget elementor-widget-text-editor\" data-id=\"02dec15\" data-element_type=\"widget\" data-e-type=\"widget\" data-widget_type=\"text-editor.default\">\n\t\t\t\t<div class=\"elementor-widget-container\">\n\t\t\t\t\t\t\t\t\t<div id=\"comp-j73qg88q\" class=\"HcOXKn c9GqVL QxJLC3 lq2cno YQcXTT comp-j73qg88q wixui-rich-text\" data-testid=\"richTextElement\"><p class=\"font_8 wixui-rich-text__text\"><span class=\"wixui-rich-text__text\">GESTION SPORTIVE<\/span><\/p><p class=\"font_8 wixui-rich-text__text\"><span class=\"wixui-rich-text__text\">&#8211; Dominique MEREY<\/span><\/p><p class=\"font_8 wixui-rich-text__text\"><span class=\"wixui-rich-text__text\">REC<\/span><\/p><p class=\"font_8 wixui-rich-text__text\"><span class=\"wixui-rich-text__text\">&#8211; Maurice MASTIER<\/span><\/p><\/div>\t\t\t\t\t\t\t\t<\/div>\n\t\t\t\t<\/div>\n\t\t\t\t<div class=\"elementor-element elementor-element-6c6d689 elementor-widget elementor-widget-text-editor\" data-id=\"6c6d689\" data-element_type=\"widget\" data-e-type=\"widget\" data-widget_type=\"text-editor.default\">\n\t\t\t\t<div class=\"elementor-widget-container\">\n\t\t\t\t\t\t\t\t\t<div id=\"comp-j73qi7rb\" class=\"HcOXKn SxM0TO QxJLC3 lq2cno YQcXTT comp-j73qi7rb wixui-rich-text\" data-testid=\"richTextElement\"><p class=\"font_8 wixui-rich-text__text\"><span class=\"wixui-rich-text__text\">HANDISPORT<\/span><\/p><p class=\"font_8 wixui-rich-text__text\">&#8211; Laurent BOUDRIOT<\/p><\/div>\t\t\t\t\t\t\t\t<\/div>\n\t\t\t\t<\/div>\n\t\t\t\t\t<\/div>\n\t\t\t\t<\/div>\n\t\t<div class=\"elementor-element elementor-element-b23dc13 e-flex e-con-boxed e-con e-parent\" data-id=\"b23dc13\" data-element_type=\"container\" data-e-type=\"container\">\n\t\t\t\t\t<div class=\"e-con-inner\">\n\t\t\t\t<div class=\"elementor-element elementor-element-448c8ec elementor-button-warning elementor-align-center elementor-widget elementor-widget-button\" data-id=\"448c8ec\" data-element_type=\"widget\" data-e-type=\"widget\" data-widget_type=\"button.default\">\n\t\t\t\t<div class=\"elementor-widget-container\">\n\t\t\t\t\t\t\t\t\t<div class=\"elementor-button-wrapper\">\n\t\t\t\t\t<a class=\"elementor-button elementor-button-link elementor-size-sm\" href=\"http:\/\/le-bas.com\/lcd\/divers\/\">\n\t\t\t\t\t\t<span class=\"elementor-button-content-wrapper\">\n\t\t\t\t\t\t\t\t\t<span class=\"elementor-button-text\">retour<\/span>\n\t\t\t\t\t<\/span>\n\t\t\t\t\t<\/a>\n\t\t\t\t<\/div>\n\t\t\t\t\t\t\t\t<\/div>\n\t\t\t\t<\/div>\n\t\t\t\t\t<\/div>\n\t\t\t\t<\/div>\n\t\t\t\t<\/div>\n\t\t","protected":false},"excerpt":{"rendered":"<p>Organigramme COMITE DE DIRECTION &#8211; Pr\u00e9sident : Dominique MEREY&#8211; V\/Pr\u00e9sident : Jean-Pierre LEMIERE&#8211; Secr\u00e9taire: Maurice MASTIER&#8211; Secr\u00e9taire adjoint: Gilles PANNETIER&#8211; Tr\u00e9sorier: Xavier MARLY&#8211; Tr\u00e9sorier adjoint: Jean Marc COCUSSE VALIDATION SEANCES DE TIR &#8211; Jean-Marc COCUSSE&#8211; Maurice MASTIER&#8211; Dominique MEREY FORMATEURS &#8211; Jean-Pierre LEMIERE&#8211; Maurice MASTIER&#8211; Dominique MEREY GESTION SPORTIVE &#8211; Dominique MEREY REC &#8211; Maurice [&hellip;]<\/p>\n","protected":false},"author":2,"featured_media":0,"parent":0,"menu_order":0,"comment_status":"closed","ping_status":"closed","template":"","meta":{"_eb_attr":"","footnotes":""},"class_list":["post-1106","page","type-page","status-publish","hentry"],"_links":{"self":[{"href":"http:\/\/le-bas.com\/lcd\/wp-json\/wp\/v2\/pages\/1106","targetHints":{"allow":["GET"]}}],"collection":[{"href":"http:\/\/le-bas.com\/lcd\/wp-json\/wp\/v2\/pages"}],"about":[{"href":"http:\/\/le-bas.com\/lcd\/wp-json\/wp\/v2\/types\/page"}],"author":[{"embeddable":true,"href":"http:\/\/le-bas.com\/lcd\/wp-json\/wp\/v2\/users\/2"}],"replies":[{"embeddable":true,"href":"http:\/\/le-bas.com\/lcd\/wp-json\/wp\/v2\/comments?post=1106"}],"version-history":[{"count":20,"href":"http:\/\/le-bas.com\/lcd\/wp-json\/wp\/v2\/pages\/1106\/revisions"}],"predecessor-version":[{"id":1795,"href":"http:\/\/le-bas.com\/lcd\/wp-json\/wp\/v2\/pages\/1106\/revisions\/1795"}],"wp:attachment":[{"href":"http:\/\/le-bas.com\/lcd\/wp-json\/wp\/v2\/media?parent=1106"}],"curies":[{"name":"wp","href":"https:\/\/api.w.org\/{rel}","templated":true}]}}